{"id":2391,"date":"2023-08-16T07:19:35","date_gmt":"2023-08-16T07:19:35","guid":{"rendered":"https:\/\/evant.com.tr\/?page_id=2391"},"modified":"2024-02-06T06:40:26","modified_gmt":"2024-02-06T06:40:26","slug":"hakkimizda","status":"publish","type":"page","link":"https:\/\/evant.com.tr\/en\/hakkimizda\/","title":{"rendered":"About Us"},"content":{"rendered":"<section class=\"wpb-content-wrapper\"><div class=\"vc_row wpb_row top-row row-align-items-center vc_custom_1692175323413 porto-inner-container\"><div class=\"porto-wrap-container container\"><div class=\"row\"><div class=\"vc_column_container col-md-6\" data-appear-animation=\"fadeInLeft\"><div class=\"wpb_wrapper vc_column-inner\"><h3 style=\"font-size: 21px\" class=\"vc_custom_heading align-left\" ><b>Who Are We?<\/b><\/h3>\n\t<div class=\"wpb_text_column wpb_content_element  wpb_animate_when_almost_visible wpb_fadeInUp fadeInUp\" >\n\t\t<div class=\"wpb_wrapper\">\n\t\t\t<p style=\"text-align: justify;\"><span style=\"font-size: 17px;\">Since 2016, Evant Teknoloji A.\u015e., operating as the most widespread, dynamic, and extensive \"System Integrator\" in its region with over 25 years of industry experience, is now under the leadership of General Manager Mr. Ahmet Uzel. Today, with branch offices in Istanbul, Ankara, and Antalya, the company has expanded beyond the Eastern Mediterranean region where it is based, increasing its reach and transforming into an identity that provides services nationwide, delivering its solutions to every corner.<\/span><\/p>\n<p style=\"text-align: justify;\"><span style=\"font-size: 17px;\">Evant Teknoloji, with its competent team, expert and experienced project and technical teams, delivers solutions from industry-leading manufacturers to end-users from start to finish. With its central office in Adana and contributions from its branches in Gaziantep, Kahramanmara\u015f, Ankara, Istanbul, Konya, and Antalya, Evant Teknoloji continues to expand its customer references day by day, becoming a \"Trusted Solution Partner\" for an increasing number of companies.<\/span><\/p>\n<p><span style=\"font-size: 17px;\">Evant Teknoloji A.\u015e., gen\u00e7, dinamik, yetkin ve \u00e7\u00f6z\u00fcm odakl\u0131 kadrosu, Canovate B\u00f6lge Da\u011f\u0131t\u0131c\u0131l\u0131\u011f\u0131, Dell Technologies Platinum Partnerli\u011fi, Dell Technologies Servis Partnerli\u011fi, Grandstream Gold Partnerli\u011fi, Microsoft Silver Partnerli\u011fi, Fortinet Select Partnerli\u011fi, Sophos Silver Partnerli\u011fi, Veeam Silver Partnerli\u011fi, VMware Advanced Partnerli\u011fi, Kontrolmatik, Ko\u00e7 Sistem, Turkcell ve T\u00fcrk Telekom \u0130\u015f Ortakl\u0131klar\u0131 gibi sekt\u00f6r\u00fcn \u00f6nde gelen lider \u00fcreticileri ile s\u00fcrd\u00fcrd\u00fc\u011f\u00fc partnerlik ve stratejik i\u015f ortakl\u0131klar\u0131 ve \u201cG\u00fcvenilir \u00c7\u00f6z\u00fcm Orta\u011f\u0131n\u0131z\u201d mottosu ile m\u00fc\u015fterilerine her zaman en do\u011fru, en verimli ve en g\u00fcvenilir \u00e7\u00f6z\u00fcmleri sunmaya devam etmektedir.<\/span><\/p>\n\n\t\t<\/div>\n\t<\/div>\n<\/div><\/div><div class=\"vc_column_container col-md-6\"><div class=\"wpb_wrapper vc_column-inner\">\r\n\t<div class=\"wpb_single_image wpb_content_element vc_align_left\">\r\n\t\t<div class=\"wpb_wrapper\">\r\n\t\t\t\r\n\t\t\t<div class=\"vc_single_image-wrapper vc_box_rounded  vc_box_border_grey\"><img loading=\"lazy\" decoding=\"async\" width=\"800\" height=\"513\" src=\"https:\/\/evant.com.tr\/wp-content\/uploads\/2023\/08\/hakkimizda-1.jpg\" class=\"vc_single_image-img attachment-full\" alt=\"\" title=\"\" srcset=\"https:\/\/evant.com.tr\/wp-content\/uploads\/2023\/08\/hakkimizda-1.jpg 800w, https:\/\/evant.com.tr\/wp-content\/uploads\/2023\/08\/hakkimizda-1-768x492.jpg 768w, https:\/\/evant.com.tr\/wp-content\/uploads\/2023\/08\/hakkimizda-1-640x410.jpg 640w, https:\/\/evant.com.tr\/wp-content\/uploads\/2023\/08\/hakkimizda-1-400x257.jpg 400w, https:\/\/evant.com.tr\/wp-content\/uploads\/2023\/08\/hakkimizda-1-367x235.jpg 367w\" sizes=\"auto, (max-width: 800px) 100vw, 800px\" \/><\/div>\r\n\t\t<\/div>\r\n\t<\/div>\r\n<\/div><\/div><div class=\"vc_column_container col-md-12\"><div class=\"wpb_wrapper vc_column-inner\">\n\t<div class=\"wpb_text_column wpb_content_element  wpb_animate_when_almost_visible wpb_fadeInUp fadeInUp\" >\n\t\t<div class=\"wpb_wrapper\">\n\t\t\t<p>Evant Technology offers Industry 4.0 Digital Transformation solutions and applications, addressing the needs and demands of end-users with the latest technology and solutions. Their services encompass a wide range of areas, including servers, data storage, data backup, end-user computers, peripherals, security firewalls, wired and wireless network equipment, network and information security software, virtual data center solutions, cloud backup solutions, cybersecurity consulting and services, fiber optic, copper, and low-current infrastructure systems, data center designs, data center monitoring, analysis, and intervention systems, CCTV video security, video analysis solutions, environmental security, and personnel tracking hardware and software, ERP, E-Transformation solutions, Production Management Systems, Machine Monitoring System, Energy Monitoring System, Active\/Passive RFID Systems, Predictive Maintenance Solutions, and more. \n\nFurthermore, Evant Technology is a catalog company of the State Materials Office (DMO) and has gained significant references by completing projects in both the private and public sectors.<\/p>\n\n\t\t<\/div>\n\t<\/div>\n<\/div><\/div><\/div><\/div><\/div><div class=\"vc_row wpb_row top-row pb-5 porto-inner-container\"><div class=\"porto-wrap-container container\"><div class=\"row\"><div class=\"vc_column_container col-md-12\"><div class=\"wpb_wrapper vc_column-inner\"><div class=\"vc_row wpb_row vc_inner row\"><div class=\"vc_column_container col-md-4\" data-appear-animation=\"fadeInLeft\" data-appear-animation-delay=\"800\"><div class=\"wpb_wrapper vc_column-inner\"><div class=\"porto-sicon-box  wpb_custom_1efe903570d178ff0a9b7bfa5febd3a4 style_1 left-icon\"><div class=\"porto-sicon-body\"><div class=\"porto-sicon-header\"><h3 class=\"porto-sicon-title\" style=\"font-weight:700;font-size:16.8px;\">OUR MISSION<\/h3><\/div> <!-- header --><div class=\"porto-sicon-description\" style=\"\">Our focus is on meeting our customers' needs and expectations by providing them with high-quality products and services that are open to continuous improvement.<\/div> <!-- description --><\/div><\/div><!-- porto-sicon-box --><\/div><\/div><div class=\"vc_column_container col-md-4\" data-appear-animation=\"fadeIn\" data-appear-animation-delay=\"600\"><div class=\"wpb_wrapper vc_column-inner\"><div class=\"porto-sicon-box  wpb_custom_1efe903570d178ff0a9b7bfa5febd3a4 style_1 left-icon\"><div class=\"porto-sicon-body\"><div class=\"porto-sicon-header\"><h3 class=\"porto-sicon-title\" style=\"font-weight:700;font-size:16.8px;\">OUR VISION<\/h3><\/div> <!-- header --><div class=\"porto-sicon-description\" style=\"\">Our goal is to be a company that not only monitors but also creates and enhances all our projects, keeping customer satisfaction at the highest level, and fostering development.<\/div> <!-- description --><\/div><\/div><!-- porto-sicon-box --><\/div><\/div><div class=\"vc_column_container col-md-4\" data-appear-animation=\"fadeInRight\" data-appear-animation-delay=\"800\"><div class=\"wpb_wrapper vc_column-inner\"><div class=\"porto-sicon-box  wpb_custom_1efe903570d178ff0a9b7bfa5febd3a4 style_1 left-icon\"><div class=\"porto-sicon-body\"><div class=\"porto-sicon-header\"><h3 class=\"porto-sicon-title\" style=\"font-weight:700;font-size:16.8px;\">WHY US?<\/h3><\/div> <!-- header --><div class=\"porto-sicon-description\" style=\"\">We develop customized solutions for varying customer needs, from project teams to sales teams, and technical and infrastructure teams.<\/div> <!-- description --><\/div><\/div><!-- porto-sicon-box --><\/div><\/div><\/div><\/div><\/div><\/div><\/div><\/div><div data-vc-full-width=\"true\" data-vc-full-width-init=\"false\" class=\"vc_row wpb_row top-row pb-5 section section-primary mt-0 mb-0 section-no-borders porto-inner-container\" data-appear-animation=\"fadeIn\" data-appear-animation-delay=\"100\"><div class=\"porto-wrap-container container\"><div class=\"row\"><div class=\"vc_column_container col-md-3\"><div class=\"wpb_wrapper vc_column-inner\"><div class=\"stats-block stats-top  m-b  wpb_custom_a517333ace5b1666c6af8bd4684f1de9\"><div class=\"porto-sicon-top\"><div class=\"porto-just-icon-wrapper porto-icon none\" style=\"color:#ffffff;font-size:25px;\"><i class=\"Simple-Line-Icons-user\"><\/i><\/div><\/div><div class=\"stats-desc\"><div id=\"counter_36338792969e5fc1fa0e1c\" data-id=\"counter_36338792969e5fc1fa0e1c\" class=\"stats-number\" style=\" font-size:35px;line-height:35px;color:#ffffff;\" data-speed=\"3\" data-counter-value=\"870\" data-separator=\"none\" data-decimal=\".\">0<\/div><div class=\"counter_suffix mycust\" style=\" font-size:35px;line-height:35px;color:#ffffff\">+<\/div><div class=\"stats-text\" style=\"font-size:16.8px;color:#ffffff;\">Customer Portfolio<\/div><\/div><\/div><\/div><\/div><div class=\"vc_column_container col-md-3\"><div class=\"wpb_wrapper vc_column-inner\"><div class=\"stats-block stats-top  m-b  wpb_custom_a517333ace5b1666c6af8bd4684f1de9\"><div class=\"porto-sicon-top\"><div class=\"porto-just-icon-wrapper porto-icon none\" style=\"color:#ffffff;font-size:25px;\"><i class=\"Simple-Line-Icons-badge\"><\/i><\/div><\/div><div class=\"stats-desc\"><div id=\"counter_11910211069e5fc1fa1943\" data-id=\"counter_11910211069e5fc1fa1943\" class=\"stats-number\" style=\" font-size:35px;line-height:35px;color:#ffffff;\" data-speed=\"3\" data-counter-value=\"25\" data-separator=\"none\" data-decimal=\".\">0<\/div><div class=\"counter_suffix mycust\" style=\" font-size:35px;line-height:35px;color:#ffffff\">+<\/div><div class=\"stats-text\" style=\"font-size:16.8px;color:#ffffff;\">Years of Industry Experience<\/div><\/div><\/div><\/div><\/div><div class=\"vc_column_container col-md-3\"><div class=\"wpb_wrapper vc_column-inner\"><div class=\"stats-block stats-top  m-b  wpb_custom_a517333ace5b1666c6af8bd4684f1de9\"><div class=\"porto-sicon-top\"><div class=\"porto-just-icon-wrapper porto-icon none\" style=\"color:#ffffff;font-size:25px;\"><i class=\"Simple-Line-Icons-users\"><\/i><\/div><\/div><div class=\"stats-desc\"><div id=\"counter_32092056369e5fc1fa2487\" data-id=\"counter_32092056369e5fc1fa2487\" class=\"stats-number\" style=\" font-size:35px;line-height:35px;color:#ffffff;\" data-speed=\"3\" data-counter-value=\"85\" data-separator=\"none\" data-decimal=\".\">0<\/div><div class=\"counter_suffix mycust\" style=\" font-size:35px;line-height:35px;color:#ffffff\">+<\/div><div class=\"stats-text\" style=\"font-size:16.8px;color:#ffffff;\">Expert Personnel<\/div><\/div><\/div><\/div><\/div><div class=\"vc_column_container col-md-3\"><div class=\"wpb_wrapper vc_column-inner\"><div class=\"stats-block stats-top  m-b  wpb_custom_a517333ace5b1666c6af8bd4684f1de9\"><div class=\"porto-sicon-top\"><div class=\"porto-just-icon-wrapper porto-icon none\" style=\"color:#ffffff;font-size:25px;\"><i class=\"Simple-Line-Icons-graph\"><\/i><\/div><\/div><div class=\"stats-desc\"><div id=\"counter_15843387269e5fc1fa2e5d\" data-id=\"counter_15843387269e5fc1fa2e5d\" class=\"stats-number\" style=\" font-size:35px;line-height:35px;color:#ffffff;\" data-speed=\"3\" data-counter-value=\"1100\" data-separator=\"none\" data-decimal=\".\">0<\/div><div class=\"counter_suffix mycust\" style=\" font-size:35px;line-height:35px;color:#ffffff\">+<\/div><div class=\"stats-text\" style=\"font-size:16.8px;color:#ffffff;\">Solved Project<\/div><\/div><\/div><\/div><\/div><\/div><\/div><\/div><div class=\"vc_row-full-width vc_clearfix\"><\/div><div class=\"vc_row wpb_row top-row section section-parallax mt-0 mb-0 section-no-borders porto-inner-container\"><div class=\"porto-wrap-container container\"><div class=\"row\"><div class=\"vc_column_container col-md-12\"><div class=\"wpb_wrapper vc_column-inner\"><\/div><\/div><div class=\"vc_column_container col-md-8 offset-md-2\"><div class=\"wpb_wrapper vc_column-inner\"><h3 style=\"font-size: 21px;line-height: 1;text-align: center\" class=\"vc_custom_heading mb-2\" >Evant <b>History<\/b><\/h3><section class=\"timeline wpb_custom_aa84c36a6a947f6099708744f0f74b68\"><div class=\"timeline-body\"><div class=\"timeline-date\"><h3 class=\"time-text step-item-subtitle\">2023<\/h3><\/div><article class=\"timeline-box left\" data-appear-animation=\"fadeIn\"><div><img decoding=\"async\" src=\"\/\/evant.com.tr\/wp-content\/uploads\/2023\/09\/history-im.jpg\" class=\"img-responsive\" alt=\"EVANT TEKNOLOJ\u0130\"><h4 class=\"timeline-item-title step-item-title\">EVANT TECHNOLOGY<\/h4><div class=\"timeline-item-content\">\n<ul>\n<li>Our logistics hub, our new branch, Konya!<\/li>\n<li>The Jewel of the Mediterranean, the Face of Turkey, Antalya!<\/li>\n<\/ul>\n<p><\/div><\/div><\/article><div class=\"timeline-date\"><h3 class=\"time-text step-item-subtitle\">2022<\/h3><\/div><article class=\"timeline-box right\" data-appear-animation=\"fadeIn\"><div><img decoding=\"async\" src=\"\/\/evant.com.tr\/wp-content\/uploads\/2023\/09\/history-im.jpg\" class=\"img-responsive\" alt=\"EVANT TEKNOLOJ\u0130\"><h4 class=\"timeline-item-title step-item-title\">EVANT TECHNOLOGY<\/h4><div class=\"timeline-item-content\">\n<ul>\n<li>2 New Branches, Evant Istanbul and Ankara!<\/li>\n<li>We are a Catalog Company in DMO (State Materials Office)!<\/li>\n<li>Dell Technologies Platinum Partnership<\/li>\n<\/ul>\n<p><\/div><\/div><\/article><div class=\"timeline-date\"><h3 class=\"time-text step-item-subtitle\">2021<\/h3><\/div><article class=\"timeline-box left\" data-appear-animation=\"fadeIn\"><div><img decoding=\"async\" src=\"\/\/evant.com.tr\/wp-content\/uploads\/2023\/09\/history-im.jpg\" class=\"img-responsive\" alt=\"EVANT TEKNOLOJ\u0130\"><h4 class=\"timeline-item-title step-item-title\">EVANT TECHNOLOGY<\/h4><div class=\"timeline-item-content\">\n<ul>\n<li>Dell Technologies Platinum Partnership<\/li>\n<li>Government Materials Office (DMO) Partnership Initiatives<\/li>\n<\/ul>\n<p><\/div><\/div><\/article><div class=\"timeline-date\"><h3 class=\"time-text step-item-subtitle\">2020<\/h3><\/div><article class=\"timeline-box right\" data-appear-animation=\"fadeIn\"><div><img decoding=\"async\" src=\"\/\/evant.com.tr\/wp-content\/uploads\/2023\/09\/history-im.jpg\" class=\"img-responsive\" alt=\"EVANT TEKNOLOJ\u0130\"><h4 class=\"timeline-item-title step-item-title\">EVANT TECHNOLOGY<\/h4><div class=\"timeline-item-content\">\n<ul>\n<li>Our Kahramanmara\u015f Branch Is Now Open!<\/li>\n<li>Dell Technologies Gold Partnership<\/li>\n<li>Dell Technologies Service Partnership<\/li>\n<\/ul>\n<p><\/div><\/div><\/article><div class=\"timeline-date\"><h3 class=\"time-text step-item-subtitle\">2019<\/h3><\/div><article class=\"timeline-box left\" data-appear-animation=\"fadeIn\"><div><img decoding=\"async\" src=\"\/\/evant.com.tr\/wp-content\/uploads\/2023\/09\/history-im.jpg\" class=\"img-responsive\" alt=\"EVANT TEKNOLOJ\u0130\"><h4 class=\"timeline-item-title step-item-title\">EVANT TECHNOLOGY<\/h4><div class=\"timeline-item-content\">\n<ul>\n<li>Our Gaziantep Branch Is Now Open!<\/li>\n<\/ul>\n<p><\/div><\/div><\/article><div class=\"timeline-date\"><h3 class=\"time-text step-item-subtitle\">2018<\/h3><\/div><article class=\"timeline-box right\" data-appear-animation=\"fadeIn\"><div><img decoding=\"async\" src=\"\/\/evant.com.tr\/wp-content\/uploads\/2023\/09\/history-im.jpg\" class=\"img-responsive\" alt=\"EVANT TEKNOLOJ\u0130\"><h4 class=\"timeline-item-title step-item-title\">EVANT TECHNOLOGY<\/h4><div class=\"timeline-item-content\">\n<ul>\n<li>HP Gold Partnership<\/li>\n<li>HPE Silver Partnership<\/li>\n<li>Dell EMC Gold Partnership<\/li>\n<\/ul>\n<p><\/div><\/div><\/article><div class=\"timeline-date\"><h3 class=\"time-text step-item-subtitle\">2016<\/h3><\/div><article class=\"timeline-box left\" data-appear-animation=\"fadeIn\"><div><img decoding=\"async\" src=\"\/\/evant.com.tr\/wp-content\/uploads\/2023\/09\/history-im.jpg\" class=\"img-responsive\" alt=\"EVANT TEKNOLOJ\u0130\"><h4 class=\"timeline-item-title step-item-title\">EVANT TECHNOLOGY<\/h4><div class=\"timeline-item-content\">\n<ul>\n<li>Establishment of Evant Technology<\/li>\n<li>Microsoft and HP Silver Partnerships<\/li>\n<li>HPE Partnership<\/li>\n<li>Microsoft SAM Authorized Partnership<\/li>\n<\/ul>\n<p><\/div><\/div><\/article><\/div><\/section><\/div><\/div><\/div><\/div><\/div>\n<\/section>","protected":false},"excerpt":{"rendered":"Biz Kimiz? 2016 y\u0131l\u0131ndan bu yana b\u00f6lgesinde en yayg\u0131n, en dinamik ve en geni\u015f uzman i\u015fg\u00fcc\u00fc ile \u201cSistem Entegrat\u00f6r\u00fc\u201d olarak faaliyet g\u00f6steren Evant Teknoloji A.\u015e., 25 y\u0131l\u0131 a\u015fk\u0131n sekt\u00f6r tecr\u00fcbesine sahip Genel M\u00fcd\u00fcr\u00fc Sn. Ahmet Uzel y\u00f6netiminde bug\u00fcn, \u0130stanbul, Ankara ve Antalya \u015fube ofisleri ile yerle\u015fik bulundu\u011fu Do\u011fu Akdeniz b\u00f6lgesinin d\u0131\u015f\u0131na ta\u015f\u0131p, yayg\u0131nl\u0131\u011f\u0131n\u0131 art\u0131rarak, ulusal [...]","protected":false},"author":1,"featured_media":0,"parent":0,"menu_order":0,"comment_status":"closed","ping_status":"closed","template":"","meta":{"footnotes":""},"class_list":["post-2391","page","type-page","status-publish","hentry"],"_links":{"self":[{"href":"https:\/\/evant.com.tr\/en\/wp-json\/wp\/v2\/pages\/2391","targetHints":{"allow":["GET"]}}],"collection":[{"href":"https:\/\/evant.com.tr\/en\/wp-json\/wp\/v2\/pages"}],"about":[{"href":"https:\/\/evant.com.tr\/en\/wp-json\/wp\/v2\/types\/page"}],"author":[{"embeddable":true,"href":"https:\/\/evant.com.tr\/en\/wp-json\/wp\/v2\/users\/1"}],"replies":[{"embeddable":true,"href":"https:\/\/evant.com.tr\/en\/wp-json\/wp\/v2\/comments?post=2391"}],"version-history":[{"count":14,"href":"https:\/\/evant.com.tr\/en\/wp-json\/wp\/v2\/pages\/2391\/revisions"}],"predecessor-version":[{"id":2776,"href":"https:\/\/evant.com.tr\/en\/wp-json\/wp\/v2\/pages\/2391\/revisions\/2776"}],"wp:attachment":[{"href":"https:\/\/evant.com.tr\/en\/wp-json\/wp\/v2\/media?parent=2391"}],"curies":[{"name":"wp","href":"https:\/\/api.w.org\/{rel}","templated":true}]}}