{"id":2458,"date":"2023-08-29T09:05:25","date_gmt":"2023-08-29T09:05:25","guid":{"rendered":"https:\/\/evant.com.tr\/?page_id=2458"},"modified":"2023-08-29T09:52:07","modified_gmt":"2023-08-29T09:52:07","slug":"erp-cozumleri","status":"publish","type":"page","link":"https:\/\/evant.com.tr\/en\/hizmetlerimiz\/erp-cozumleri\/","title":{"rendered":"ERP Solutions"},"content":{"rendered":"<p>Efficiency and Business Process Transformation; ERP Solutions<\/p>\n<p>As the business world becomes increasingly competitive, it has become crucial for businesses to enhance their efficiency and make faster, more accurate decisions. This is where Enterprise Resource Planning (ERP) solutions come into play. At Evant Teknoloji, we provide comprehensive ERP solutions to help businesses adopt smarter management structures and gain a competitive advantage.<\/p>\n<p><strong>Why ERP?<br \/>\n<\/strong>ERP solutions enable businesses to centralize data from different departments on a single platform, allowing them to manage all their business processes in an integrated manner. This minimizes issues such as data duplication and communication gaps while increasing operational efficiency. Businesses can also perform better data analysis, make faster decisions, and improve the customer experience.<\/p>\n<p><strong>ERP Solutions We Offer<br \/>\n<\/strong>NETS\u0130M helps businesses effectively manage a range of business processes, from financial management to inventory control, customer relationship management to production planning. We offer customized NETS\u0130M solutions tailored to the specific needs of our customers.<\/p>\n<p>SAP Business One is an excellent solution, particularly in the areas of production and supply chain management. With comprehensive SAP Business One ERP solutions that encompass production planning, inventory management, business intelligence, and more, we support businesses in their growth and operational efficiency endeavors.<\/p>\n<p><strong>Our Expert Team<br \/>\n<\/strong>At Evant Teknoloji, we ensure that businesses have customized ERP solutions with our expert team. By understanding your business needs, we provide the most suitable solutions and collaborate with you during the implementation and integration stages.<\/p>\n<p><strong>Result and Value<br \/>\n<\/strong>ERP solutions empower businesses to make more strategic and data-driven decisions, helping them become more competitive. They enhance operational efficiency and enable more effective resource utilization.<\/p>\n<p>You can also get in touch with Evant Teknoloji's experts to enhance your business's efficiency, optimize processes, and gain a competitive advantage.<\/p>","protected":false},"excerpt":{"rendered":"<p>Verimlilik ve \u0130\u015f S\u00fcre\u00e7lerinde D\u00f6n\u00fc\u015f\u00fcm; ERP \u00c7\u00f6z\u00fcmleri \u0130\u015f d\u00fcnyas\u0131 giderek daha rekabet\u00e7i hale geldik\u00e7e, i\u015fletmelerin verimliliklerini art\u0131rmalar\u0131 ve daha h\u0131zl\u0131, daha kesin kararlar alabilmeleri kritik bir \u00f6neme sahip olmu\u015ftur. \u0130\u015fte burada devreye ERP (Enterprise Resource Planning) \u00e7\u00f6z\u00fcmleri giriyor. Evant Teknoloji olarak, i\u015fletmelerin daha ak\u0131ll\u0131ca y\u00f6netim yap\u0131s\u0131na sahip olmalar\u0131n\u0131 sa\u011flamak ve rekabet avantaj\u0131 elde etmelerini desteklemek [&hellip;]<\/p>","protected":false},"author":1,"featured_media":0,"parent":2433,"menu_order":0,"comment_status":"closed","ping_status":"closed","template":"","meta":{"footnotes":""},"class_list":["post-2458","page","type-page","status-publish","hentry"],"_links":{"self":[{"href":"https:\/\/evant.com.tr\/en\/wp-json\/wp\/v2\/pages\/2458","targetHints":{"allow":["GET"]}}],"collection":[{"href":"https:\/\/evant.com.tr\/en\/wp-json\/wp\/v2\/pages"}],"about":[{"href":"https:\/\/evant.com.tr\/en\/wp-json\/wp\/v2\/types\/page"}],"author":[{"embeddable":true,"href":"https:\/\/evant.com.tr\/en\/wp-json\/wp\/v2\/users\/1"}],"replies":[{"embeddable":true,"href":"https:\/\/evant.com.tr\/en\/wp-json\/wp\/v2\/comments?post=2458"}],"version-history":[{"count":1,"href":"https:\/\/evant.com.tr\/en\/wp-json\/wp\/v2\/pages\/2458\/revisions"}],"predecessor-version":[{"id":2459,"href":"https:\/\/evant.com.tr\/en\/wp-json\/wp\/v2\/pages\/2458\/revisions\/2459"}],"up":[{"embeddable":true,"href":"https:\/\/evant.com.tr\/en\/wp-json\/wp\/v2\/pages\/2433"}],"wp:attachment":[{"href":"https:\/\/evant.com.tr\/en\/wp-json\/wp\/v2\/media?parent=2458"}],"curies":[{"name":"wp","href":"https:\/\/api.w.org\/{rel}","templated":true}]}}