{"id":2766,"date":"2023-12-06T06:14:52","date_gmt":"2023-12-06T06:14:52","guid":{"rendered":"https:\/\/evant.com.tr\/?page_id=2766"},"modified":"2023-12-06T06:16:18","modified_gmt":"2023-12-06T06:16:18","slug":"insan-kaynaklari","status":"publish","type":"page","link":"https:\/\/evant.com.tr\/en\/insan-kaynaklari\/","title":{"rendered":"\u0130nsan Kaynaklar\u0131"},"content":{"rendered":"<section class=\"wpb-content-wrapper\"><div class=\"vc_row wpb_row row top-row\"><div class=\"vc_column_container col-md-6\"><div class=\"wpb_wrapper vc_column-inner\"><h2  class=\"vc_custom_heading align-left\" >\u0130nsan Kaynaklar\u0131 Politikas\u0131<\/h2>\n\t<div class=\"wpb_text_column wpb_content_element\" >\n\t\t<div class=\"wpb_wrapper\">\n\t\t\t<p>Sevgili Ba\u015fvuru Sahibi,<\/p>\n<p>EVANT ailesine kat\u0131lmak i\u00e7in g\u00f6sterdi\u011finiz ilgiye te\u015fekk\u00fcr ederiz. \u0130\u015f ba\u015fvurular\u0131n\u0131z bizim i\u00e7in \u00f6nemlidir, \u00e7\u00fcnk\u00fc i\u015fg\u00fcc\u00fcm\u00fcz\u00fc g\u00fc\u00e7lendirmek ve de\u011ferli yetenekleri ekibimize katmak istiyoruz.<\/p>\n<p>\u0130\u015f Ba\u015fvuru S\u00fcreci:<\/p>\n<p>Ba\u015fvuru Formu:<br \/>\nL\u00fctfen a\u015fa\u011f\u0131daki formu doldurarak ba\u015fvurunuzu tamamlay\u0131n. Bilgileriniz, i\u015fe al\u0131m s\u00fcrecimizi daha etkili bir \u015fekilde y\u00f6netmemize yard\u0131mc\u0131 olacakt\u0131r.<\/p>\n<p>CV\/\u00d6zge\u00e7mi\u015f Eklemek:<br \/>\nBa\u015fvurunuzun de\u011ferlendirilmesi i\u00e7in CV\/\u00f6zge\u00e7mi\u015finizi eklemeyi unutmay\u0131n. Bu, sizin deneyim ve becerileriniz hakk\u0131nda daha fazla bilgi edinmemize yard\u0131mc\u0131 olacakt\u0131r.<\/p>\n<p>EVANT \u0130K Politikas\u0131:<\/p>\n<p>EVANT olarak, \u00e7al\u0131\u015fanlar\u0131m\u0131z\u0131n memnuniyeti ve geli\u015fimi bizim \u00f6nceli\u011fimizdir. \u0130\u015fte bizim \u0130K politikam\u0131z\u0131n temel ilkeleri:<\/p>\n<p>\u00c7al\u0131\u015fan Odakl\u0131l\u0131k:<br \/>\n\u00c7al\u0131\u015fanlar\u0131m\u0131z bizim en de\u011ferli varl\u0131klar\u0131m\u0131zd\u0131r. \u0130yi bir i\u015f ortam\u0131 yaratmak ve \u00e7al\u0131\u015fanlar\u0131m\u0131z\u0131n potansiyelini en \u00fcst d\u00fczeye \u00e7\u0131karmak i\u00e7in \u00e7aba harcar\u0131z.<\/p>\n<p>E\u015fitlik ve \u00c7e\u015fitlilik:<br \/>\nHerkesin yetenek ve becerilerine de\u011fer veriyor, e\u015fitlik ve \u00e7e\u015fitlilik ilkesine ba\u011fl\u0131 kal\u0131yoruz. Farkl\u0131 bak\u0131\u015f a\u00e7\u0131lar\u0131 ve deneyimler, bizim g\u00fcc\u00fcm\u00fczd\u00fcr.<\/p>\n<p>Geli\u015fim ve E\u011fitim:<br \/>\n\u00c7al\u0131\u015fanlar\u0131m\u0131z\u0131n s\u00fcrekli geli\u015fimini desteklemek i\u00e7in e\u011fitim ve geli\u015fim programlar\u0131 sunar\u0131z. Her bir \u00e7al\u0131\u015fan\u0131m\u0131z\u0131n kariyer hedeflerine ula\u015fmas\u0131n\u0131 sa\u011flamak i\u00e7in \u00e7aba sarf ederiz.<\/p>\n<p>Adil ve \u015eeffaf \u0130\u015fe Al\u0131m:<br \/>\n\u0130\u015fe al\u0131m s\u00fcre\u00e7lerimiz adil ve \u015feffaf bir \u015fekilde y\u00fcr\u00fct\u00fcl\u00fcr. Her aday\u0131n e\u015fit f\u0131rsatlarla de\u011ferlendirilmesini sa\u011flamak amac\u0131yla \u00e7aba g\u00f6steririz.<\/p>\n<p>Ba\u015fvurunuz i\u00e7in tekrar te\u015fekk\u00fcr ederiz. Size en k\u0131sa zamanda d\u00f6n\u00fc\u015f yapmak i\u00e7in sab\u0131rs\u0131zlan\u0131yoruz.<\/p>\n<p>Sayg\u0131lar\u0131mla,<br \/>\nEVANT \u0130nsan Kaynaklar\u0131\u00a0Departman\u0131<\/p>\n\n\t\t<\/div>\n\t<\/div>\n<\/div><\/div><div class=\"vc_column_container col-md-6\"><div class=\"wpb_wrapper vc_column-inner\"><h2  class=\"vc_custom_heading align-left\" >\u0130\u015f Ba\u015fvuru Formu<\/h2>\n\t<div class=\"wpb_text_column wpb_content_element\" >\n\t\t<div class=\"wpb_wrapper\">\n\t\t\t<div id=\"quform-49ab56\" class=\"quform quform-2 quform-theme-simple quform-support-page-caching\"><form id=\"quform-form-49ab56\" class=\"quform-form quform-form-2\" action=\"\/en\/wp-json\/wp\/v2\/pages\/2766#quform-49ab56\" method=\"post\" enctype=\"multipart\/form-data\" novalidate=\"novalidate\" data-options=\"{&quot;id&quot;:2,&quot;uniqueId&quot;:&quot;49ab56&quot;,&quot;theme&quot;:&quot;simple&quot;,&quot;ajax&quot;:true,&quot;logic&quot;:{&quot;logic&quot;:[],&quot;dependents&quot;:[],&quot;elementIds&quot;:[],&quot;dependentElementIds&quot;:[],&quot;animate&quot;:true},&quot;currentPageId&quot;:1,&quot;errorsIcon&quot;:&quot;&quot;,&quot;updateFancybox&quot;:true,&quot;hasPages&quot;:false,&quot;pages&quot;:[1],&quot;pageProgressType&quot;:&quot;numbers&quot;,&quot;tooltipsEnabled&quot;:true,&quot;tooltipClasses&quot;:&quot;qtip-quform-dark qtip-shadow&quot;,&quot;tooltipMy&quot;:&quot;left center&quot;,&quot;tooltipAt&quot;:&quot;right center&quot;,&quot;isRtl&quot;:false,&quot;scrollOffset&quot;:-50,&quot;scrollSpeed&quot;:800}\" data-trp-original-action=\"\/en\/wp-json\/wp\/v2\/pages\/2766#quform-49ab56\"><button class=\"quform-default-submit\" name=\"quform_submit\" type=\"submit\" value=\"submit\" aria-hidden=\"true\" tabindex=\"-1\"><\/button><div class=\"quform-form-inner quform-form-inner-2\"><input type=\"hidden\" name=\"quform_form_id\" value=\"2\" \/><input type=\"hidden\" name=\"quform_form_uid\" value=\"49ab56\" \/><input type=\"hidden\" name=\"quform_count\" value=\"1\" \/><input type=\"hidden\" name=\"form_url\" value=\"https:\/\/evant.com.tr\/en\/wp-json\/wp\/v2\/pages\/2766\" \/><input type=\"hidden\" name=\"referring_url\" value=\"\" \/><input type=\"hidden\" name=\"post_id\" value=\"\" \/><input type=\"hidden\" name=\"post_title\" value=\"\" \/><input type=\"hidden\" name=\"quform_current_page_id\" value=\"1\" \/><input type=\"hidden\" name=\"quform_csrf_token\" value=\"ePrqrsPHT5YDr5ep8n3N6xykRXO9dh4laCGwACDD\" \/><div class=\"quform-elements quform-elements-2 quform-cf quform-responsive-elements-phone-landscape\"><div class=\"quform-element quform-element-page quform-page-1 quform-page-2_1 quform-cf quform-group-style-plain quform-first-page quform-last-page quform-current-page\"><div class=\"quform-child-elements\"><div class=\"quform-element quform-element-row quform-element-row-2_7 quform-2-columns quform-element-row-size-fixed quform-responsive-columns-phone-landscape\"><div class=\"quform-element quform-element-column quform-element-2_8\"><div class=\"quform-element quform-element-text quform-element-2_15 quform-cf quform-labels-inside quform-element-required\"><div class=\"quform-spacer\"><div class=\"quform-label quform-label-2_15\"><label class=\"quform-label-text\" for=\"quform_2_15_49ab56\">Ad\u0131n\u0131z &amp; Soyad\u0131n\u0131z<span class=\"quform-required\">*<\/span><\/label><\/div><div class=\"quform-inner quform-inner-text quform-inner-2_15\"><div class=\"quform-input quform-input-text quform-input-2_15 quform-cf\"><input type=\"text\" id=\"quform_2_15_49ab56\" name=\"quform_2_15\" class=\"quform-field quform-field-text quform-field-2_15\" \/><\/div><\/div><\/div><\/div><\/div><div class=\"quform-element quform-element-column quform-element-2_9\"><div class=\"quform-element quform-element-email quform-element-2_4 quform-cf quform-labels-inside quform-element-required\"><div class=\"quform-spacer\"><div class=\"quform-label quform-label-2_4\"><label class=\"quform-label-text\" for=\"quform_2_4_49ab56\">E-posta Adresiniz<span class=\"quform-required\">*<\/span><\/label><\/div><div class=\"quform-inner quform-inner-email quform-inner-2_4\"><div class=\"quform-input quform-input-email quform-input-2_4 quform-cf\"><input type=\"email\" id=\"quform_2_4_49ab56\" name=\"quform_2_4\" class=\"quform-field quform-field-email quform-field-2_4\" \/><\/div><\/div><\/div><\/div><\/div><\/div><div class=\"quform-element quform-element-row quform-element-row-2_10 quform-2-columns quform-element-row-size-fixed quform-responsive-columns-phone-landscape\"><div class=\"quform-element quform-element-column quform-element-2_11\"><div class=\"quform-element quform-element-text quform-element-2_5 quform-cf quform-labels-inside quform-element-required\"><div class=\"quform-spacer\"><div class=\"quform-label quform-label-2_5\"><label class=\"quform-label-text\" for=\"quform_2_5_49ab56\">Your Phone Number<span class=\"quform-required\">*<\/span><\/label><\/div><div class=\"quform-inner quform-inner-text quform-inner-2_5\"><div class=\"quform-input quform-input-text quform-input-2_5 quform-cf\"><input type=\"text\" id=\"quform_2_5_49ab56\" name=\"quform_2_5\" class=\"quform-field quform-field-text quform-field-2_5\" \/><\/div><\/div><\/div><\/div><\/div><div class=\"quform-element quform-element-column quform-element-2_12\"><div class=\"quform-element quform-element-text quform-element-2_13 quform-cf quform-labels-inside quform-element-required\"><div class=\"quform-spacer\"><div class=\"quform-label quform-label-2_13\"><label class=\"quform-label-text\" for=\"quform_2_13_49ab56\">Ba\u015fvuru yapmak istedi\u011finiz pozisyon?<span class=\"quform-required\">*<\/span><\/label><\/div><div class=\"quform-inner quform-inner-text quform-inner-2_13\"><div class=\"quform-input quform-input-text quform-input-2_13 quform-cf\"><input type=\"text\" id=\"quform_2_13_49ab56\" name=\"quform_2_13\" class=\"quform-field quform-field-text quform-field-2_13\" \/><\/div><\/div><\/div><\/div><\/div><\/div><div class=\"quform-element quform-element-textarea quform-element-2_14 quform-cf quform-labels-inside quform-element-optional\"><div class=\"quform-spacer\"><div class=\"quform-label quform-label-2_14\"><label class=\"quform-label-text\" for=\"quform_2_14_49ab56\">Eklemek istedikleriniz<\/label><\/div><div class=\"quform-inner quform-inner-textarea quform-inner-2_14\"><div class=\"quform-input quform-input-textarea quform-input-2_14 quform-cf\"><textarea id=\"quform_2_14_49ab56\" name=\"quform_2_14\" class=\"quform-field quform-field-textarea quform-field-2_14\"><\/textarea><\/div><\/div><\/div><\/div><div class=\"quform-element quform-element-file quform-element-2_6 quform-cf quform-element-optional\"><div class=\"quform-spacer\"><div class=\"quform-label quform-label-2_6\"><label class=\"quform-label-text\" for=\"quform_2_6_49ab56\">Kendi CV'nizi y\u00fckleyin<\/label><\/div><div class=\"quform-inner quform-inner-file quform-inner-2_6\"><div class=\"quform-input quform-input-file quform-input-2_6 quform-cf quform-button-style-theme quform-button-size-medium\"><input type=\"file\" id=\"quform_2_6_49ab56\" name=\"quform_2_6[]\" class=\"quform-field quform-field-file quform-field-2_6 quform-field-file-enhanced\" data-config=\"{&quot;id&quot;:6,&quot;identifier&quot;:&quot;2_6&quot;,&quot;name&quot;:&quot;quform_2_6&quot;,&quot;max&quot;:1,&quot;size&quot;:10485760,&quot;allowedExtensions&quot;:[&quot;doc&quot;,&quot;docx&quot;,&quot;pdf&quot;,&quot;xls&quot;,&quot;jpg&quot;,&quot;jpeg&quot;],&quot;notAllowedTypeWithFilename&quot;:&quot;File type of &#039;%filename%&#039; is not allowed&quot;,&quot;tooBigWithFilename&quot;:&quot;File &#039;%filename%&#039; exceeds the maximum allowed file size&quot;,&quot;tooMany&quot;:&quot;You cannot upload more than %max% file(s)&quot;,&quot;buttonType&quot;:&quot;button&quot;,&quot;buttonText&quot;:&quot;Dosya Y\\u00fckle&quot;,&quot;buttonIcon&quot;:&quot;qicon-file_upload&quot;,&quot;buttonIconPosition&quot;:&quot;right&quot;}\" \/><\/div><p class=\"quform-description quform-description-below\">(Yaln\u0131zca .doc \/ .docx \/ .pdf \/ .xls \/ .jpg)<\/p><\/div><\/div><\/div><div class=\"quform-element quform-element-html quform-element-2_18 quform-cf\"><div class=\"quform-spacer\"><input class=\"checkbox-form\" required=\"\" type=\"checkbox\" \/> \u201c<a href=\"#\" target=\"_blank\" rel=\"noopener\">Ki\u015fisel verilerin Korunmas\u0131<\/a>\u201d\u00a0 ve \u201c<a href=\"#\" target=\"_blank\" rel=\"noopener\">Ayd\u0131nlatma metnini<\/a>\u201d okudum anlad\u0131m. Verilerimin ayd\u0131nlatma metninde belirtilen \u015fekilde i\u015flenmesine onay veriyorum.<\/div><\/div><div class=\"quform-element quform-element-captcha quform-element-2_19 quform-cf quform-element-required\"><div class=\"quform-spacer\"><div class=\"quform-label quform-label-2_19\"><label class=\"quform-label-text\" for=\"quform_2_19_49ab56\">Please input characters<span class=\"quform-required\">*<\/span><\/label><\/div><div class=\"quform-inner quform-inner-captcha quform-inner-2_19\"><div class=\"quform-input quform-input-captcha quform-input-2_19 quform-cf\"><input type=\"text\" id=\"quform_2_19_49ab56\" name=\"quform_2_19\" class=\"quform-field quform-field-captcha quform-field-2_19\" \/><\/div><div class=\"quform-captcha quform-cf\"><div class=\"quform-captcha-image quform-captcha-image-2_19\"><img loading=\"lazy\" decoding=\"async\" class=\"quform-captcha-image-img\" src=\"data:image\/png;base64,iVBORw0KGgoAAAANSUhEUgAAAOYAAABQBAMAAAD\/1xTgAAAAG1BMVEX\/\/\/8iIiKsrKx0dHTj4+PHx8c9PT1ZWVmQkJAzOav1AAAACXBIWXMAAA7EAAAOxAGVKw4bAAADiElEQVRoge1XS1PbMBB2HL+O3QI2R5u2kGMDNHBMOi1wxHSY6RFP2mmPqOkEjgRayM+uVg9jWaYWgclMO\/oOITErfat9fFo7joWFhYWFhcU\/D38nXTrnDFaWTekBwHDJnD7lPF4ypwMQmxvfbj8LZwZfjW1dgOT1c5CempsGNBFwOXwy5cld8dbUNkdOiN89jdEjdJNVU+s+cKw8qeq6uMVLQ2PaV2dH6CSsLUj3apd+hI\/hjACuHG8LD7oQoz+ABP\/AmMC64ZqAy4ffX4DTn+7fFNRb\/isz3iFnbiK3qZcC7l7aEaWg7tSOvshCaJwNBszG2khUH380kuSta2kJsS\/BI2rIv5lj1a3wc24P+dOOLvKbF\/v1Rw4roUkB45SuMO4u0dKw7kJSKb1AF3nAAtUQiJRchXBuzCla+tz54BT34aEtmuqGDZzCZYiPe0NjzhmuYCLtVcSHhqwufl6mucE548lUUYST+fXW+K8OHMJE3FyuLAf+XQtV3sQZwg+6\/af7S97jgWswVUB41LqVs\/kVfoms8R4\/Fv5IHzMw4hzxyIRVS4AXOufp4Nsv9Vk03ZU+8uC6YMYZ8eB2qrVa6O2WAeqUmua+jKmUPur\/eE4ay00Ft8mrOkB0WaHVlhSqPrllA+VimmETo1e0c+asYmfV\/Wa6fOIjerVWdwtLTilchNXBrJ2TBjfB8FRoMl1w+1gmgZLnTpm5kTgn58y1TtNRoLtKCnN98utjul0l5pTzu\/RRxhb\/H8XtQwMG11PmkQaRJ7irp1xyYdmWRDw\/oF68aeVD0NZMXKUlA13ki+T+U8CVdezLwcLH2o4ntZZqAi006Cl9EOotxk+icNLjJcy1g9LhoynX\/HZSqh6xwtLVlnm8xAplgKBc60N+Om7ups7H3p7ROMXGrqq2RQ9wemoPYYCS6x4pXzYIc+nQ5N3Dq8wl3F\/tYvFZbN3aCQ6F1sEX\/puT+UbvdSjNMlPu76Zzumy7oK7Dm\/L+5D8LRhYZcWJwRdRovNKGS9tlXhCtOrYYpwwKgZ8Ok8l2Shbc1ZL+HDu25imK1cZtQ6Le300npX9U9Mc7A8MBOyvDQ1vz7LO+qqvk7SH0wciMw9uQVSs2P6sZRNjBoh0fBuGL28zq4NdurK3acI529tt0lMAAKdPHUYr4GL9\/qqADzMncTHAV+FMYL\/q23r1ccKGFhYWFhYWFhcX\/gz8FD4dVdQpzjwAAAABJRU5ErkJggg==\" alt=\"CAPTCHA image\" data-element-id=\"19\" width=\"115\" height=\"40\" \/><\/div><\/div><p class=\"quform-description quform-description-below\">Bu spam \u00f6nlememize yard\u0131mc\u0131 olur, te\u015fekk\u00fcrler.<\/p><\/div><\/div><\/div><div class=\"quform-element quform-element-submit quform-element-2_2 quform-cf quform-button-style-theme quform-button-size-medium\"><div class=\"quform-button-submit quform-button-submit-default quform-button-submit-2_2\"><button name=\"quform_submit\" type=\"submit\" class=\"quform-submit\" value=\"submit\"><span class=\"quform-button-text quform-button-submit-text\">Send<\/span><\/button><\/div><div class=\"quform-loading quform-loading-position-left quform-loading-type-spinner-1\"><div class=\"quform-loading-inner\"><div class=\"quform-loading-spinner\"><div class=\"quform-loading-spinner-inner\"><\/div><\/div><\/div><\/div><\/div><div class=\"quform-element-tree\"><label for=\"quform_2_0_49ab56\">This field should be left blank<\/label><input type=\"text\" id=\"quform_2_0_49ab56\" name=\"quform_2_0\" class=\"quform-field quform-field-tree quform-field-2_0\" tabindex=\"-1\" autocomplete=\"off\" \/><\/div><\/div><\/div><\/div><div class=\"quform-upload-progress-wrap\"><div class=\"quform-upload-progress-bar-wrap\"><div class=\"quform-upload-progress-bar\"><\/div><\/div><div class=\"quform-upload-info quform-cf\"><div class=\"quform-upload-filename\"><\/div><\/div><\/div><\/div><input type=\"hidden\" name=\"trp-form-language\" value=\"en\"\/><\/form><\/div>\n\n\t\t<\/div>\n\t<\/div>\n<\/div><\/div><\/div>\n<\/section>","protected":false},"excerpt":{"rendered":"\u0130nsan Kaynaklar\u0131 Politikas\u0131 Sevgili Ba\u015fvuru Sahibi, EVANT ailesine kat\u0131lmak i\u00e7in g\u00f6sterdi\u011finiz ilgiye te\u015fekk\u00fcr ederiz. \u0130\u015f ba\u015fvurular\u0131n\u0131z bizim i\u00e7in \u00f6nemlidir, \u00e7\u00fcnk\u00fc i\u015fg\u00fcc\u00fcm\u00fcz\u00fc g\u00fc\u00e7lendirmek ve de\u011ferli yetenekleri ekibimize katmak istiyoruz. \u0130\u015f Ba\u015fvuru S\u00fcreci: Ba\u015fvuru Formu: L\u00fctfen a\u015fa\u011f\u0131daki formu doldurarak ba\u015fvurunuzu tamamlay\u0131n. Bilgileriniz, i\u015fe al\u0131m s\u00fcrecimizi daha etkili bir \u015fekilde y\u00f6netmemize yard\u0131mc\u0131 olacakt\u0131r. CV\/\u00d6zge\u00e7mi\u015f Eklemek: Ba\u015fvurunuzun de\u011ferlendirilmesi i\u00e7in [...]","protected":false},"author":1,"featured_media":0,"parent":0,"menu_order":0,"comment_status":"closed","ping_status":"closed","template":"","meta":{"footnotes":""},"class_list":["post-2766","page","type-page","status-publish","hentry"],"_links":{"self":[{"href":"https:\/\/evant.com.tr\/en\/wp-json\/wp\/v2\/pages\/2766","targetHints":{"allow":["GET"]}}],"collection":[{"href":"https:\/\/evant.com.tr\/en\/wp-json\/wp\/v2\/pages"}],"about":[{"href":"https:\/\/evant.com.tr\/en\/wp-json\/wp\/v2\/types\/page"}],"author":[{"embeddable":true,"href":"https:\/\/evant.com.tr\/en\/wp-json\/wp\/v2\/users\/1"}],"replies":[{"embeddable":true,"href":"https:\/\/evant.com.tr\/en\/wp-json\/wp\/v2\/comments?post=2766"}],"version-history":[{"count":2,"href":"https:\/\/evant.com.tr\/en\/wp-json\/wp\/v2\/pages\/2766\/revisions"}],"predecessor-version":[{"id":2769,"href":"https:\/\/evant.com.tr\/en\/wp-json\/wp\/v2\/pages\/2766\/revisions\/2769"}],"wp:attachment":[{"href":"https:\/\/evant.com.tr\/en\/wp-json\/wp\/v2\/media?parent=2766"}],"curies":[{"name":"wp","href":"https:\/\/api.w.org\/{rel}","templated":true}]}}