{"id":2801,"date":"2025-03-06T06:52:54","date_gmt":"2025-03-06T06:52:54","guid":{"rendered":"https:\/\/evant.com.tr\/?page_id=2801"},"modified":"2025-03-06T06:55:04","modified_gmt":"2025-03-06T06:55:04","slug":"entegre-yonetim-sistemi-politikasi","status":"publish","type":"page","link":"https:\/\/evant.com.tr\/en\/entegre-yonetim-sistemi-politikasi\/","title":{"rendered":"Entegre Y\u00f6netim Sistemi Politikas\u0131"},"content":{"rendered":"<section class=\"wpb-content-wrapper\"><div class=\"vc_row wpb_row row top-row\"><div class=\"vc_column_container col-md-10\"><div class=\"wpb_wrapper vc_column-inner\">\n\t<div class=\"wpb_text_column wpb_content_element\" >\n\t\t<div class=\"wpb_wrapper\">\n\t\t\t<p style=\"text-align: justify;\">Our organisation, which operates in accordance with the legislation and legal requirements; Based on International Standards and principles, it realises the understanding of quality products and services at the highest level.<\/p>\n<p style=\"text-align: justify;\">In Quality-Information Security issues; it has established and implemented an integrated management system to prevent contamination, injury and health deterioration, to protect confidentiality, integrity and all physical and electronic information assets in accordance with the objectives and management approach, risks and environmental impacts of our activities.<\/p>\n<p style=\"text-align: justify;\">We will continue to be one of the leading companies in our sector by fulfilling the applicable obligations, offering our products with our fast and reliable service, protecting the environment, using our resources such as our experienced workforce, technological infrastructure and materials efficiently and effectively, and continuously improving our system.<\/p>\n<p style=\"text-align: justify;\">In order to realise these objectives, it is our policy to increase the satisfaction of our customers and employees by fulfilling the requirements of Quality-Information Security Management Systems standards.<\/p>\n<p style=\"text-align: justify;\">As Evant Teknoloji A.\u015e., we undertake to fulfil the requirements of this policy.<\/p>\n\n\t\t<\/div>\n\t<\/div>\n<\/div><\/div><div class=\"vc_column_container col-md-2\"><div class=\"wpb_wrapper vc_column-inner\"><\/div><\/div><\/div>\n<\/section>","protected":false},"excerpt":{"rendered":"Mevzuat ve yasal \u015fartlara uygun olarak faaliyet g\u00f6steren kurulu\u015fumuz; Uluslararas\u0131 Standartlar ve ilkeleri esas alarak kaliteli \u00fcr\u00fcn ve hizmet anlay\u0131\u015f\u0131n\u0131 en \u00fcst d\u00fczeyde ger\u00e7ekle\u015ftirmektedir. Kalite-Bilgi G\u00fcvenli\u011fi konular\u0131nda; hedeflerle y\u00f6netim anlay\u0131\u015f\u0131na, risklere ve faaliyetlerimizin \u00e7evresel etkilerine uygun olarak, kirlenme, yaralanma ve sa\u011fl\u0131k bozulmalar\u0131n\u0131 \u00f6nlemek, gizlilik, b\u00fct\u00fcnl\u00fck ve t\u00fcm fiziksel ve elektronik bilgi varl\u0131klar\u0131n\u0131 korumak i\u00e7in bir [...]","protected":false},"author":1,"featured_media":0,"parent":0,"menu_order":0,"comment_status":"closed","ping_status":"closed","template":"","meta":{"footnotes":""},"class_list":["post-2801","page","type-page","status-publish","hentry"],"_links":{"self":[{"href":"https:\/\/evant.com.tr\/en\/wp-json\/wp\/v2\/pages\/2801","targetHints":{"allow":["GET"]}}],"collection":[{"href":"https:\/\/evant.com.tr\/en\/wp-json\/wp\/v2\/pages"}],"about":[{"href":"https:\/\/evant.com.tr\/en\/wp-json\/wp\/v2\/types\/page"}],"author":[{"embeddable":true,"href":"https:\/\/evant.com.tr\/en\/wp-json\/wp\/v2\/users\/1"}],"replies":[{"embeddable":true,"href":"https:\/\/evant.com.tr\/en\/wp-json\/wp\/v2\/comments?post=2801"}],"version-history":[{"count":2,"href":"https:\/\/evant.com.tr\/en\/wp-json\/wp\/v2\/pages\/2801\/revisions"}],"predecessor-version":[{"id":2804,"href":"https:\/\/evant.com.tr\/en\/wp-json\/wp\/v2\/pages\/2801\/revisions\/2804"}],"wp:attachment":[{"href":"https:\/\/evant.com.tr\/en\/wp-json\/wp\/v2\/media?parent=2801"}],"curies":[{"name":"wp","href":"https:\/\/api.w.org\/{rel}","templated":true}]}}